{"id":1677,"date":"2021-09-06T10:11:24","date_gmt":"2021-09-06T15:11:24","guid":{"rendered":"https:\/\/hacemosmemoria.org\/udea50\/?page_id=1677"},"modified":"2021-10-17T22:40:51","modified_gmt":"2021-10-18T03:40:51","slug":"manual","status":"publish","type":"page","link":"https:\/\/hacemosmemoria.org\/udea50\/","title":{"rendered":"50 a\u00f1os de violencia y resistencia en la Universidad de Antioquia"},"content":{"rendered":"\n<section id=\"section-1\">\n<div class=\"row\" style=\"margin-bottom:-2vh;\">\n    <div class=\"col-md-1 sinpadding\">\n        <div class=\"elanhito\"><img decoding=\"async\" src=\"https:\/\/i0.wp.com\/hacemosmemoria.org\/udea50\/wp-content\/themes\/udea50\/img\/armenu.png?ssl=1\" class=\"aranhito\" data-recalc-dims=\"1\">1968<\/div>\n    <\/div>\n<\/div>  \n\n\n\n<div class=\"row unhecho\">\n\t<div class=\"col-md-2 col-md-offset-1 col-sm-10 col-sm-offset-1 center\">\n\t\t<div class=\"lafecha\"><div class=\"bgfecha\">30 de enero de 1968<\/div><\/div>\n\t<\/div>\n\t<div class=\"col-md-7 col-sm-12\">\n\t\t<h2><a href=\"#todos1\" class=\"titulohecho conzoomtxt\" data-toggle=\"collapse\">La Universidad se traslad\u00f3 a la sede Ciudad Universitaria<\/a><\/h2>\n\t\t<div id=\"todos1\" class=\"collapse abiertoooo\">\n\t\t\t<div class=\"mediapic\"><a href=\"#\" data-toggle=\"modal\" data-target=\"#img1\"><img decoding=\"async\" src=\"https:\/\/i0.wp.com\/hacemosmemoria.org\/udea50\/wp-content\/uploads\/2019\/08\/00_Nuevo-Campus-UdeA_1968-01-30.jpg?ssl=1\" data-recalc-dims=\"1\"><\/a><\/div>\n\t\t\t<p class=\"ellead\">Las directivas anunciaron la apertura de la nueva sede en terrenos ubicados en el norte de Medell\u00edn. Adem\u00e1s, se comprometieron a abrir m\u00e1s programas y a mejorar el v\u00ednculo con la sociedad.<br \/><p><div class=\"ellinkin\" style=\" font-size:2.2rem !important;text-align:left !important;\"><a href=\"https:\/\/hacemosmemoria.org\/udea50\/la-universidad-se-traslado-a-la-sede-ciudad-universitaria\/\" target=\"_blank\" rel=\"noopener\">Ver historia ampliada<\/a><\/div><\/p><\/p>\n\t\t\t<\/div>\n\t<\/div>\n<\/div>\n<div class=\"modal\" id=\"img1\">\n\t<div class=\"modal-dialog modal-lg\"><div class=\"modal-content\"><div class=\"modal-body\">\n\t<div class=\"row internamodal\"><div class=\"col-md-12\"><button type=\"button\" class=\"close\" data-dismiss=\"modal\">&times;<\/button><div class=\"lafechain\">30 de enero de 1968<\/div>\n\t\t<div class=\"contenidomodal\">\n\t\t\t<h1>La Universidad se traslad\u00f3 a la sede Ciudad Universitaria<\/h1>\t\t\t\t\t\t\t\t\n\t\t\t<div id=\"img1\" class=\"carousel slide\" data-ride=\"carousel\">\n\t\t\t  <!-- Wrapper for slides -->\n\t\t\t  <div class=\"carousel-inner\">\n\t\t\t\t<div class=\"item active\"><img decoding=\"async\" src=\"https:\/\/i0.wp.com\/hacemosmemoria.org\/udea50\/wp-content\/uploads\/2019\/08\/00_Nuevo-Campus-UdeA_1968-01-30.jpg?ssl=1\" alt=\"Fotograf\u00eda tomada de la edici\u00f3n del 30 de enero de 1968 del peri\u00f3dico El Colombiano.\" data-recalc-dims=\"1\"><div class=\"metadaticos\">Fotograf\u00eda tomada de la edici\u00f3n del 30 de enero de 1968 del peri\u00f3dico El Colombiano.<\/div><\/div>\n\t\t\t  <\/div>\n\n\t\t\t<\/div>\t\t\t\t\t\t\t\t\n\t\t<\/div>\n\t<\/div><\/div>\n<\/div><\/div><\/div><\/div>\t\n\t\t<!-- modal -->\n<div class=\"modal\" id=\"zoom1\">\n\t<div class=\"modal-dialog modal-lg\">\n\t\t<div class=\"modal-content\">\n\t\t\t<div class=\"modal-body\">\n\t\t<div class=\"row internamodal\">\n\t\t\t<div class=\"col-md-12\"><button type=\"button\" class=\"close\" data-dismiss=\"modal\">&times;<\/button><div class=\"lafechain\">30 de enero de 1968<\/div>\n\t\t\t\t<?php $post_id = 1077 ; $queried_post = get_post($post_id); ?><h2><?php echo $queried_post->post_title; ?><\/h2><p><div class=\"ellinkin\"><a href=\"https:\/\/hacemosmemoria.org\/udea50\/la-universidad-se-traslado-a-la-sede-ciudad-universitaria\/\" target=\"_blank\" rel=\"noopener\">Ver historia ampliada<\/a><\/div><\/p>\n\t\t\t\t<div class=\"contenidomodal\"><?php echo $queried_post->post_content; ?><\/div>\n\t\t\t<\/div>\n\t\t<\/div>\n\t\t\t<\/div>\n\t\t<\/div>\n\t<\/div>\n<\/div>\n\n\n\n<div class=\"row\" style=\"margin-bottom:-2vh;\">\n    <div class=\"col-md-1 sinpadding\">\n        <div class=\"elanhito\"><img decoding=\"async\" src=\"https:\/\/i0.wp.com\/hacemosmemoria.org\/udea50\/wp-content\/themes\/udea50\/img\/armenu.png?ssl=1\" class=\"aranhito\" data-recalc-dims=\"1\">1969<\/div>\n    <\/div>\n<\/div>  \n\n\n\n<div class=\"row unhecho\">\n\t<div class=\"col-md-2 col-md-offset-1 col-sm-10 col-sm-offset-1 center\">\n\t\t<div class=\"lafecha\"><div class=\"bgfecha\">21 de enero de 1969<\/div><\/div>\n\t<\/div>\n\t<div class=\"col-md-7 col-sm-12\">\n\t\t<h2><a href=\"#todos2\" class=\"titulohecho\" data-toggle=\"collapse\">Estudiantes protestaron por el Plan B\u00e1sico de Educaci\u00f3n<\/a><\/h2>\n\t\t<div id=\"todos2\" class=\"collapse abiertoooo\">\n\t\t\t<div class=\"mediapic\"><a href=\"#\" data-toggle=\"modal\" data-target=\"#img2\"><img decoding=\"async\" src=\"https:\/\/i0.wp.com\/hacemosmemoria.org\/udea50\/wp-content\/uploads\/2019\/08\/2.-Estudiantes-de-la-Universidad-protestaron-por-el-Plan-B%C3%ADsico-de-Educaci%C2%A6n.jpeg?ssl=1\" data-recalc-dims=\"1\"><\/a><\/div>\n\t\t\t<p class=\"ellead\">A trav\u00e9s de un comunicado, el Consejo Estudiantil rechaz\u00f3 el Plan B\u00e1sico de Educaci\u00f3n Superior propuesto durante el gobierno del presidente Carlos Lleras Restrepo.<br \/><p><\/p><\/p>\n\t\t\t<\/div>\n\t<\/div>\n<\/div>\n<div class=\"modal\" id=\"img2\">\n\t<div class=\"modal-dialog modal-lg\"><div class=\"modal-content\"><div class=\"modal-body\">\n\t<div class=\"row internamodal\"><div class=\"col-md-12\"><button type=\"button\" class=\"close\" data-dismiss=\"modal\">&times;<\/button><div class=\"lafechain\">21 de enero de 1969<\/div>\n\t\t<div class=\"contenidomodal\">\n\t\t\t<h1>Estudiantes protestaron por el Plan B\u00e1sico de Educaci\u00f3n<\/h1>\t\t\t\t\t\t\t\t\n\t\t\t<div id=\"img1\" class=\"carousel slide\" data-ride=\"carousel\">\n\t\t\t  <!-- Wrapper for slides -->\n\t\t\t  <div class=\"carousel-inner\">\n\t\t\t\t<div class=\"item active\"><img decoding=\"async\" src=\"https:\/\/i0.wp.com\/hacemosmemoria.org\/udea50\/wp-content\/uploads\/2019\/08\/2.-Estudiantes-de-la-Universidad-protestaron-por-el-Plan-B%C3%ADsico-de-Educaci%C2%A6n.jpeg?ssl=1\" alt=\"Gui\u00f3n del Radioperi\u00f3dico El Clar\u00edn para la emisi\u00f3n del 21 de enero de 1969. Consultado en el Archivo Hist\u00f3rico de Medell\u00edn.\" data-recalc-dims=\"1\"><div class=\"metadaticos\">Gui\u00f3n del Radioperi\u00f3dico El Clar\u00edn para la emisi\u00f3n del 21 de enero de 1969. Consultado en el Archivo Hist\u00f3rico de Medell\u00edn.<\/div><\/div>\n\t\t\t  <\/div>\n\n\t\t\t<\/div>\t\t\t\t\t\t\t\t\n\t\t<\/div>\n\t<\/div><\/div>\n<\/div><\/div><\/div><\/div>\t\n\n\n\n<div class=\"row unhecho\">\n\t<div class=\"col-md-2 col-md-offset-1 col-sm-10 col-sm-offset-1 center\">\n\t\t<div class=\"lafecha\"><div class=\"bgfecha\">20 de marzo de 1969<\/div><\/div>\n\t<\/div>\n\t<div class=\"col-md-7 col-sm-12\">\n\t\t<h2><a href=\"#todos3\" class=\"titulohecho\" data-toggle=\"collapse\">Protesta contra Cuerpos de Paz termin\u00f3 en enfrentamiento<\/a><\/h2>\n\t\t<div id=\"todos3\" class=\"collapse abiertoooo\">\n\t\t\t<div class=\"mediapic\"><a href=\"#\" data-toggle=\"modal\" data-target=\"#img3\"><img decoding=\"async\" src=\"https:\/\/i0.wp.com\/hacemosmemoria.org\/udea50\/wp-content\/uploads\/2019\/08\/00_Protesta-contra-Cuerpos-de-Paz.jpg?ssl=1\" data-recalc-dims=\"1\"><\/a><\/div>\n\t\t\t<p class=\"ellead\">Con un desfile por las calles del centro de Medell\u00edn, estudiantes de la Universidad protestaron por asuntos como la lucha electoral, la pobreza, la doctrina militar y los Cuerpos de Paz. La jornada termin\u00f3 en pedrea.<br \/><p><\/p><\/p>\n\t\t\t<\/div>\n\t<\/div>\n<\/div>\n<div class=\"modal\" id=\"img3\">\n\t<div class=\"modal-dialog modal-lg\"><div class=\"modal-content\"><div class=\"modal-body\">\n\t<div class=\"row internamodal\"><div class=\"col-md-12\"><button type=\"button\" class=\"close\" data-dismiss=\"modal\">&times;<\/button><div class=\"lafechain\">20 de marzo de 1969<\/div>\n\t\t<div class=\"contenidomodal\">\n\t\t\t<h1>Protesta contra Cuerpos de Paz termin\u00f3 en enfrentamiento<\/h1>\t\t\t\t\t\t\t\t\n\t\t\t<div id=\"img1\" class=\"carousel slide\" data-ride=\"carousel\">\n\t\t\t  <!-- Wrapper for slides -->\n\t\t\t  <div class=\"carousel-inner\">\n\t\t\t\t<div class=\"item active\"><img decoding=\"async\" src=\"https:\/\/i0.wp.com\/hacemosmemoria.org\/udea50\/wp-content\/uploads\/2019\/08\/00_Protesta-contra-Cuerpos-de-Paz.jpg?ssl=1\" alt=\"Fotograf\u00eda tomada de la edici\u00f3n del 21 de marzo de 1969 del peri\u00f3dico El Colombiano.\" data-recalc-dims=\"1\"><div class=\"metadaticos\">Fotograf\u00eda tomada de la edici\u00f3n del 21 de marzo de 1969 del peri\u00f3dico El Colombiano.<\/div><\/div>\n\t\t\t  <\/div>\n\n\t\t\t<\/div>\t\t\t\t\t\t\t\t\n\t\t<\/div>\n\t<\/div><\/div>\n<\/div><\/div><\/div><\/div>\t\n\n\n\n<\/section>\n","protected":false},"excerpt":{"rendered":"<p>1968 30 de enero de 1968 La Universidad se traslad\u00f3 a la sede Ciudad Universitaria Las directivas anunciaron la apertura de la nueva sede en terrenos ubicados en el norte de Medell\u00edn. Adem\u00e1s, se comprometieron a abrir m\u00e1s programas y a mejorar el v\u00ednculo con la sociedad. Ver historia ampliada &times; 30 de enero de [&hellip;]<\/p>\n","protected":false},"author":1,"featured_media":0,"parent":0,"menu_order":0,"comment_status":"closed","ping_status":"closed","template":"page-home.php","meta":{"_acf_changed":false,"_monsterinsights_skip_tracking":false,"_monsterinsights_sitenote_active":false,"_monsterinsights_sitenote_note":"","_monsterinsights_sitenote_category":0,"ngg_post_thumbnail":0,"footnotes":""},"acf":[],"yoast_head":"<!-- This site is optimized with the Yoast SEO plugin v22.1 - https:\/\/yoast.com\/wordpress\/plugins\/seo\/ -->\n<title>50 a\u00f1os de violencia y resistencia en la Universidad de Antioquia - 50 a\u00f1os de violencia y resistencia en la Universidad de Antioquia<\/title>\n<meta name=\"robots\" content=\"index, follow, max-snippet:-1, max-image-preview:large, max-video-preview:-1\" \/>\n<link rel=\"canonical\" href=\"https:\/\/hacemosmemoria.org\/udea50\/\" \/>\n<meta property=\"og:locale\" content=\"es_ES\" \/>\n<meta property=\"og:type\" content=\"article\" \/>\n<meta property=\"og:title\" content=\"50 a\u00f1os de violencia y resistencia en la Universidad de Antioquia - 50 a\u00f1os de violencia y resistencia en la Universidad de Antioquia\" \/>\n<meta property=\"og:description\" content=\"1968 30 de enero de 1968 La Universidad se traslad\u00f3 a la sede Ciudad Universitaria Las directivas anunciaron la apertura de la nueva sede en terrenos ubicados en el norte de Medell\u00edn. Adem\u00e1s, se comprometieron a abrir m\u00e1s programas y a mejorar el v\u00ednculo con la sociedad. Ver historia ampliada &times; 30 de enero de [&hellip;]\" \/>\n<meta property=\"og:url\" content=\"https:\/\/hacemosmemoria.org\/udea50\/\" \/>\n<meta property=\"og:site_name\" content=\"50 a\u00f1os de violencia y resistencia en la Universidad de Antioquia\" \/>\n<meta property=\"article:modified_time\" content=\"2021-10-18T03:40:51+00:00\" \/>\n<meta property=\"og:image\" content=\"https:\/\/hacemosmemoria.org\/udea50\/wp-content\/themes\/udea50\/img\/armenu.png\" \/>\n<meta name=\"twitter:card\" content=\"summary_large_image\" \/>\n<meta name=\"twitter:label1\" content=\"Tiempo estimado de lectura\" \/>\n\t<meta name=\"twitter:data1\" content=\"1 minuto\" \/>\n<script type=\"application\/ld+json\" class=\"yoast-schema-graph\">{\"@context\":\"https:\/\/schema.org\",\"@graph\":[{\"@type\":\"WebPage\",\"@id\":\"https:\/\/hacemosmemoria.org\/udea50\/\",\"url\":\"https:\/\/hacemosmemoria.org\/udea50\/\",\"name\":\"50 a\u00f1os de violencia y resistencia en la Universidad de Antioquia - 50 a\u00f1os de violencia y resistencia en la Universidad de Antioquia\",\"isPartOf\":{\"@id\":\"https:\/\/hacemosmemoria.org\/udea50\/#website\"},\"datePublished\":\"2021-09-06T15:11:24+00:00\",\"dateModified\":\"2021-10-18T03:40:51+00:00\",\"breadcrumb\":{\"@id\":\"https:\/\/hacemosmemoria.org\/udea50\/#breadcrumb\"},\"inLanguage\":\"es-CO\",\"potentialAction\":[{\"@type\":\"ReadAction\",\"target\":[\"https:\/\/hacemosmemoria.org\/udea50\/\"]}]},{\"@type\":\"BreadcrumbList\",\"@id\":\"https:\/\/hacemosmemoria.org\/udea50\/#breadcrumb\",\"itemListElement\":[{\"@type\":\"ListItem\",\"position\":1,\"name\":\"Inicio\",\"item\":\"https:\/\/hacemosmemoria.org\/udea50\/\"},{\"@type\":\"ListItem\",\"position\":2,\"name\":\"50 a\u00f1os de violencia y resistencia en la Universidad de Antioquia\"}]},{\"@type\":\"WebSite\",\"@id\":\"https:\/\/hacemosmemoria.org\/udea50\/#website\",\"url\":\"https:\/\/hacemosmemoria.org\/udea50\/\",\"name\":\"50 a\u00f1os de violencia y resistencia en la Universidad de Antioquia\",\"description\":\"Un contenido de Hacemos Memoria\",\"potentialAction\":[{\"@type\":\"SearchAction\",\"target\":{\"@type\":\"EntryPoint\",\"urlTemplate\":\"https:\/\/hacemosmemoria.org\/udea50\/?s={search_term_string}\"},\"query-input\":\"required name=search_term_string\"}],\"inLanguage\":\"es-CO\"}]}<\/script>\n<!-- \/ Yoast SEO plugin. -->","yoast_head_json":{"title":"50 a\u00f1os de violencia y resistencia en la Universidad de Antioquia - 50 a\u00f1os de violencia y resistencia en la Universidad de Antioquia","robots":{"index":"index","follow":"follow","max-snippet":"max-snippet:-1","max-image-preview":"max-image-preview:large","max-video-preview":"max-video-preview:-1"},"canonical":"https:\/\/hacemosmemoria.org\/udea50\/","og_locale":"es_ES","og_type":"article","og_title":"50 a\u00f1os de violencia y resistencia en la Universidad de Antioquia - 50 a\u00f1os de violencia y resistencia en la Universidad de Antioquia","og_description":"1968 30 de enero de 1968 La Universidad se traslad\u00f3 a la sede Ciudad Universitaria Las directivas anunciaron la apertura de la nueva sede en terrenos ubicados en el norte de Medell\u00edn. Adem\u00e1s, se comprometieron a abrir m\u00e1s programas y a mejorar el v\u00ednculo con la sociedad. Ver historia ampliada &times; 30 de enero de [&hellip;]","og_url":"https:\/\/hacemosmemoria.org\/udea50\/","og_site_name":"50 a\u00f1os de violencia y resistencia en la Universidad de Antioquia","article_modified_time":"2021-10-18T03:40:51+00:00","og_image":[{"url":"https:\/\/hacemosmemoria.org\/udea50\/wp-content\/themes\/udea50\/img\/armenu.png"}],"twitter_card":"summary_large_image","twitter_misc":{"Tiempo estimado de lectura":"1 minuto"},"schema":{"@context":"https:\/\/schema.org","@graph":[{"@type":"WebPage","@id":"https:\/\/hacemosmemoria.org\/udea50\/","url":"https:\/\/hacemosmemoria.org\/udea50\/","name":"50 a\u00f1os de violencia y resistencia en la Universidad de Antioquia - 50 a\u00f1os de violencia y resistencia en la Universidad de Antioquia","isPartOf":{"@id":"https:\/\/hacemosmemoria.org\/udea50\/#website"},"datePublished":"2021-09-06T15:11:24+00:00","dateModified":"2021-10-18T03:40:51+00:00","breadcrumb":{"@id":"https:\/\/hacemosmemoria.org\/udea50\/#breadcrumb"},"inLanguage":"es-CO","potentialAction":[{"@type":"ReadAction","target":["https:\/\/hacemosmemoria.org\/udea50\/"]}]},{"@type":"BreadcrumbList","@id":"https:\/\/hacemosmemoria.org\/udea50\/#breadcrumb","itemListElement":[{"@type":"ListItem","position":1,"name":"Inicio","item":"https:\/\/hacemosmemoria.org\/udea50\/"},{"@type":"ListItem","position":2,"name":"50 a\u00f1os de violencia y resistencia en la Universidad de Antioquia"}]},{"@type":"WebSite","@id":"https:\/\/hacemosmemoria.org\/udea50\/#website","url":"https:\/\/hacemosmemoria.org\/udea50\/","name":"50 a\u00f1os de violencia y resistencia en la Universidad de Antioquia","description":"Un contenido de Hacemos Memoria","potentialAction":[{"@type":"SearchAction","target":{"@type":"EntryPoint","urlTemplate":"https:\/\/hacemosmemoria.org\/udea50\/?s={search_term_string}"},"query-input":"required name=search_term_string"}],"inLanguage":"es-CO"}]}},"jetpack_sharing_enabled":true,"_links":{"self":[{"href":"https:\/\/hacemosmemoria.org\/udea50\/wp-json\/wp\/v2\/pages\/1677"}],"collection":[{"href":"https:\/\/hacemosmemoria.org\/udea50\/wp-json\/wp\/v2\/pages"}],"about":[{"href":"https:\/\/hacemosmemoria.org\/udea50\/wp-json\/wp\/v2\/types\/page"}],"author":[{"embeddable":true,"href":"https:\/\/hacemosmemoria.org\/udea50\/wp-json\/wp\/v2\/users\/1"}],"replies":[{"embeddable":true,"href":"https:\/\/hacemosmemoria.org\/udea50\/wp-json\/wp\/v2\/comments?post=1677"}],"version-history":[{"count":25,"href":"https:\/\/hacemosmemoria.org\/udea50\/wp-json\/wp\/v2\/pages\/1677\/revisions"}],"predecessor-version":[{"id":2809,"href":"https:\/\/hacemosmemoria.org\/udea50\/wp-json\/wp\/v2\/pages\/1677\/revisions\/2809"}],"wp:attachment":[{"href":"https:\/\/hacemosmemoria.org\/udea50\/wp-json\/wp\/v2\/media?parent=1677"}],"curies":[{"name":"wp","href":"https:\/\/api.w.org\/{rel}","templated":true}]}}